{"id":51,"date":"2016-02-17T12:05:46","date_gmt":"2016-02-17T11:05:46","guid":{"rendered":"http:\/\/jenaer-osterkonferenz.de\/?page_id=51"},"modified":"2018-05-27T14:13:56","modified_gmt":"2018-05-27T12:13:56","slug":"kontakt","status":"publish","type":"page","link":"https:\/\/jenaer-osterkonferenz.de\/?page_id=51","title":{"rendered":"Kontakt"},"content":{"rendered":"<p>Wenn ihr noch Fragen zur Osterkonferenz 2016 habt, mehr Material zur historischen Konferenz sucht oder euch anmelden wollt, gebt uns Bescheid.<\/p>\n<p>Ihr erreicht uns unter der Nummer der <a href=\"http:\/\/sj-ring.falken-thueringen.de\/\" target=\"_blank\">Falken Th\u00fcringen<\/a>:\u00a00361 43028101<br \/>\nund unter der E-Mail-Adresse: info <em>at<\/em> jenaer-osterkonferenz.de .<br \/>\nIhr k\u00f6nnt uns sogar einen Brief schreiben:<br \/>\nTh\u00e4lmannstra\u00dfe 26<br \/>\n99085 Erfurt<\/p>\n<hr \/>\n<p>Die Sozialistische Jugend Deutschlands &#8211; Die Falken \u00a0sind ein linker Kinder- und Jugendverband. Wir sind parteiunabh\u00e4ngig, aber parteiisch gegen Herrschaft und Ausbeutung und f\u00fcr eine andere, bessere Welt.<br \/>\nZusammen versuchen wir die Gesellschaft zu verstehen und zu ver\u00e4ndern. Weil sowohl das Verstehen als auch das \u00c4ndern allein nicht gut funktionieren k\u00f6nnen, denken wir, dass es notwendig ist sich zusammen zu tun.<\/p>\n<p><strong>Wir wollen eine andere, bessere Welt\u00a0<\/strong>aber wir tr\u00e4umen nicht einfach ins Blaue hinein von einer anderen Gesellschaft, sondern haben an dieser Gesellschaft Konkretes auszusetzen. Denn obwohl es die Menschen sind, die die Gesellschaft machen, ist sie so eingerichtet, dass sie an den Menschen und der Umwelt viel vermeidbaren Schaden anrichtet. Die Gesellschaft wird nicht bewusst von uns gestaltet, sie wird nicht als Produkt unseres eigenen Handelns erkannt, sondern verselbstst\u00e4ndigt sich gegen uns. Deswegen erscheinen viele Dinge, die f\u00fcr viel Leid verantwortlich sind \u2013 wie Geld, Nationen, Geschlechter, Lohnarbeit, Kriege usw. \u2013 als nat\u00fcrlich und unab\u00e4nderlich. Das nehmen wir nicht hin!\u00a0Damit diese Zumutungen abgeschafft werden k\u00f6nnen ist es notwendig zu verstehen wie die Gesellschaft funktioniert.<\/p>\n<p>Gemeinsames Denken und Handeln ist notwendig, um Ver\u00e4nderung zu bewirken. Daf\u00fcr wollen wir zusammen und voneinander lernen, zusammen k\u00e4mpfen und unsere wenige Freizeit gemeinsam gestalten und genie\u00dfen.<br \/>\nWir wollen einen Gegenpol zur allt\u00e4glichen Zumutung durch Schule, Uni oder Arbeit schaffen. Wir haben keine Lust darauf, uns einzuf\u00fcgen und uns krumm zu machen, um ein Leben voller Langeweile und Entbehrung zu f\u00fchren.<br \/>\nDies sind nicht unvermeidbare Nebenwirkungen einer unver\u00e4nderbaren Welt, sondern die konkreten Folgen dieser Gesellschaft \u2013 einer Gesellschaft, gegen die uns tausend gute Gr\u00fcnde einfallen und tausend Dinge, die wir gegen sie tun k\u00f6nnen.<\/p>\n","protected":false},"excerpt":{"rendered":"<p>Wenn ihr noch Fragen zur Osterkonferenz 2016 habt, mehr Material zur historischen Konferenz sucht oder euch anmelden wollt, gebt uns Bescheid. Ihr erreicht uns unter der Nummer der Falken Th\u00fcringen:\u00a00361 43028101 und unter der E-Mail-Adresse: info at jenaer-osterkonferenz.de . Ihr k\u00f6nnt uns sogar einen Brief schreiben: Th\u00e4lmannstra\u00dfe 26 99085 Erfurt Die Sozialistische Jugend Deutschlands &#8211; &hellip; <a href=\"https:\/\/jenaer-osterkonferenz.de\/?page_id=51\" class=\"more-link\"><span class=\"screen-reader-text\">\u201eKontakt\u201c <\/span>weiterlesen<\/a><\/p>\n","protected":false},"author":1,"featured_media":0,"parent":0,"menu_order":0,"comment_status":"closed","ping_status":"closed","template":"","meta":{"jetpack_post_was_ever_published":false,"footnotes":""},"class_list":["post-51","page","type-page","status-publish","hentry"],"jetpack_sharing_enabled":true,"jetpack_shortlink":"https:\/\/wp.me\/P7Hy7Y-P","_links":{"self":[{"href":"https:\/\/jenaer-osterkonferenz.de\/index.php?rest_route=\/wp\/v2\/pages\/51","targetHints":{"allow":["GET"]}}],"collection":[{"href":"https:\/\/jenaer-osterkonferenz.de\/index.php?rest_route=\/wp\/v2\/pages"}],"about":[{"href":"https:\/\/jenaer-osterkonferenz.de\/index.php?rest_route=\/wp\/v2\/types\/page"}],"author":[{"embeddable":true,"href":"https:\/\/jenaer-osterkonferenz.de\/index.php?rest_route=\/wp\/v2\/users\/1"}],"replies":[{"embeddable":true,"href":"https:\/\/jenaer-osterkonferenz.de\/index.php?rest_route=%2Fwp%2Fv2%2Fcomments&post=51"}],"version-history":[{"count":5,"href":"https:\/\/jenaer-osterkonferenz.de\/index.php?rest_route=\/wp\/v2\/pages\/51\/revisions"}],"predecessor-version":[{"id":88,"href":"https:\/\/jenaer-osterkonferenz.de\/index.php?rest_route=\/wp\/v2\/pages\/51\/revisions\/88"}],"wp:attachment":[{"href":"https:\/\/jenaer-osterkonferenz.de\/index.php?rest_route=%2Fwp%2Fv2%2Fmedia&parent=51"}],"curies":[{"name":"wp","href":"https:\/\/api.w.org\/{rel}","templated":true}]}}