{"id":49,"date":"2016-02-17T12:03:38","date_gmt":"2016-02-17T11:03:38","guid":{"rendered":"http:\/\/jenaer-osterkonferenz.de\/?page_id=49"},"modified":"2018-05-27T14:13:56","modified_gmt":"2018-05-27T12:13:56","slug":"die-osterkonferenz","status":"publish","type":"page","link":"https:\/\/jenaer-osterkonferenz.de\/","title":{"rendered":"Nie wieder Krieg!"},"content":{"rendered":"<p><img data-recalc-dims=\"1\" loading=\"lazy\" decoding=\"async\" class=\"aligncenter wp-image-7\" src=\"https:\/\/i0.wp.com\/jenaer-osterkonferenz.de\/wp-content\/uploads\/2016\/02\/nie-wieder-krieg.jpg?resize=243%2C436\" alt=\"nie wieder krieg\" width=\"243\" height=\"436\" srcset=\"https:\/\/i0.wp.com\/jenaer-osterkonferenz.de\/wp-content\/uploads\/2016\/02\/nie-wieder-krieg.jpg?resize=570%2C1024&amp;ssl=1 570w, https:\/\/i0.wp.com\/jenaer-osterkonferenz.de\/wp-content\/uploads\/2016\/02\/nie-wieder-krieg.jpg?resize=167%2C300&amp;ssl=1 167w, https:\/\/i0.wp.com\/jenaer-osterkonferenz.de\/wp-content\/uploads\/2016\/02\/nie-wieder-krieg.jpg?resize=768%2C1380&amp;ssl=1 768w, https:\/\/i0.wp.com\/jenaer-osterkonferenz.de\/wp-content\/uploads\/2016\/02\/nie-wieder-krieg.jpg?w=1140&amp;ssl=1 1140w\" sizes=\"auto, (max-width: 243px) 85vw, 243px\" \/><\/p>\n<p>An den Osterfeiertagen 1916 versammelten sich in Jena\u00a062 Mitglieder und Aktivisten der Arbeiter*innenjugend zu\u00a0einer illegalen antimilitaristischen Osterkonferenz. Trotz\u00a0zahlreicher sonstiger Differenzen einte sie die Ablehnung\u00a0der Burgfriedenspolitik der Reichstagsfraktion der SPD und\u00a0der Wunsch nach einer Friedens- und einer wirkungsvollen\u00a0Oppositionspolitik. Unter Leitung Karl Liebknechts kamen\u00a0hier diejenigen zusammen, die mit einem \u201cimmer weiter so\u201d\u00a0nichts anfangen konnten und sorgten damit daf\u00fcr, dass diese\u00a0Konferenz wegweisend war f\u00fcr die oppositionelle Arbeit der\u00a0n\u00e4chsten Jahre.<\/p>\n<p>In Erinnerung an diese f\u00fcr die damalige Arbeiter*innenjugendbewegung so wichtige Zusammenkunft wollen wir gemeinsam mit den Jusos Th\u00fcringen und der DGB-Jugend Th\u00fcringen eine\u00a0Osterkonferenz 2016 in Jena organisieren, die das historische\u00a0Ereignis beleuchten soll, um daran ankn\u00fcpfend die Perspektive auf die Gegenwart zu lenken.<\/p>\n<hr \/>\n<p>Von uns zusammengetragenes Material zur Osterkonferenz 1916 findet ihr in der Kategorie &#8222;1916&#8220;, u. a. eine Liste der Teilnehmerinnen und Teilnehmer und die auf der Konferenz verabschiedete Resolution.<\/p>\n<p>Informationen zur\u00a0Neuauflage der Osterkonferenz 2016 findet ihr auf der Seite &#8222;Unsere Osterkonferenz 2016&#8220;, u. a. den Programmablauf und Informationen zu den\u00a0Referenten.<\/p>\n","protected":false},"excerpt":{"rendered":"<p>An den Osterfeiertagen 1916 versammelten sich in Jena\u00a062 Mitglieder und Aktivisten der Arbeiter*innenjugend zu\u00a0einer illegalen antimilitaristischen Osterkonferenz. Trotz\u00a0zahlreicher sonstiger Differenzen einte sie die Ablehnung\u00a0der Burgfriedenspolitik der Reichstagsfraktion der SPD und\u00a0der Wunsch nach einer Friedens- und einer wirkungsvollen\u00a0Oppositionspolitik. Unter Leitung Karl Liebknechts kamen\u00a0hier diejenigen zusammen, die mit einem \u201cimmer weiter so\u201d\u00a0nichts anfangen konnten und sorgten damit &hellip; <a href=\"https:\/\/jenaer-osterkonferenz.de\/\" class=\"more-link\"><span class=\"screen-reader-text\">\u201eNie wieder Krieg!\u201c <\/span>weiterlesen<\/a><\/p>\n","protected":false},"author":1,"featured_media":0,"parent":0,"menu_order":0,"comment_status":"closed","ping_status":"closed","template":"","meta":{"jetpack_post_was_ever_published":false,"footnotes":""},"class_list":["post-49","page","type-page","status-publish","hentry"],"jetpack_sharing_enabled":true,"jetpack_shortlink":"https:\/\/wp.me\/P7Hy7Y-N","_links":{"self":[{"href":"https:\/\/jenaer-osterkonferenz.de\/index.php?rest_route=\/wp\/v2\/pages\/49","targetHints":{"allow":["GET"]}}],"collection":[{"href":"https:\/\/jenaer-osterkonferenz.de\/index.php?rest_route=\/wp\/v2\/pages"}],"about":[{"href":"https:\/\/jenaer-osterkonferenz.de\/index.php?rest_route=\/wp\/v2\/types\/page"}],"author":[{"embeddable":true,"href":"https:\/\/jenaer-osterkonferenz.de\/index.php?rest_route=\/wp\/v2\/users\/1"}],"replies":[{"embeddable":true,"href":"https:\/\/jenaer-osterkonferenz.de\/index.php?rest_route=%2Fwp%2Fv2%2Fcomments&post=49"}],"version-history":[{"count":7,"href":"https:\/\/jenaer-osterkonferenz.de\/index.php?rest_route=\/wp\/v2\/pages\/49\/revisions"}],"predecessor-version":[{"id":80,"href":"https:\/\/jenaer-osterkonferenz.de\/index.php?rest_route=\/wp\/v2\/pages\/49\/revisions\/80"}],"wp:attachment":[{"href":"https:\/\/jenaer-osterkonferenz.de\/index.php?rest_route=%2Fwp%2Fv2%2Fmedia&parent=49"}],"curies":[{"name":"wp","href":"https:\/\/api.w.org\/{rel}","templated":true}]}}