{"id":19,"date":"2016-02-11T16:38:43","date_gmt":"2016-02-11T15:38:43","guid":{"rendered":"http:\/\/jenaer-osterkonferenz.de\/?page_id=19"},"modified":"2018-05-27T14:13:56","modified_gmt":"2018-05-27T12:13:56","slug":"page-2016","status":"publish","type":"page","link":"https:\/\/jenaer-osterkonferenz.de\/?page_id=19","title":{"rendered":"Unsere Osterkonferenz 2016"},"content":{"rendered":"<p style=\"text-align: center;\"><strong>Unsere Osterkonferenz ist \u00fcber die B\u00fchne gegangen und wir k\u00f6nnen stolz sagen:<br \/>\nsie war ein voller Erfolg!<\/strong><\/p>\n<p><img data-recalc-dims=\"1\" loading=\"lazy\" decoding=\"async\" class=\"aligncenter size-large wp-image-171\" src=\"https:\/\/i0.wp.com\/jenaer-osterkonferenz.de\/wp-content\/uploads\/2016\/02\/faust_transpi_verpixelt.jpg?resize=840%2C515\" alt=\"faust_transpi_verpixelt\" width=\"840\" height=\"515\" srcset=\"https:\/\/i0.wp.com\/jenaer-osterkonferenz.de\/wp-content\/uploads\/2016\/02\/faust_transpi_verpixelt.jpg?resize=1024%2C628&amp;ssl=1 1024w, https:\/\/i0.wp.com\/jenaer-osterkonferenz.de\/wp-content\/uploads\/2016\/02\/faust_transpi_verpixelt.jpg?resize=300%2C184&amp;ssl=1 300w, https:\/\/i0.wp.com\/jenaer-osterkonferenz.de\/wp-content\/uploads\/2016\/02\/faust_transpi_verpixelt.jpg?resize=768%2C471&amp;ssl=1 768w, https:\/\/i0.wp.com\/jenaer-osterkonferenz.de\/wp-content\/uploads\/2016\/02\/faust_transpi_verpixelt.jpg?resize=1200%2C736&amp;ssl=1 1200w, https:\/\/i0.wp.com\/jenaer-osterkonferenz.de\/wp-content\/uploads\/2016\/02\/faust_transpi_verpixelt.jpg?w=1680 1680w, https:\/\/i0.wp.com\/jenaer-osterkonferenz.de\/wp-content\/uploads\/2016\/02\/faust_transpi_verpixelt.jpg?w=2520 2520w\" sizes=\"auto, (max-width: 709px) 85vw, (max-width: 909px) 67vw, (max-width: 1362px) 62vw, 840px\" \/><\/p>\n<p>Einige Bilder unserer Konferenz\u00a0findet ihr in unserer\u00a0<a href=\"http:\/\/jenaer-osterkonferenz.de\/?page_id=174&amp;preview=true\">Galerie<\/a>, alle m\u00f6glichen Dokumente\u00a0im Zusammenhang mit der Konferenz 2016 findet ihr unter <a href=\"http:\/\/jenaer-osterkonferenz.de\/?page_id=190&amp;preview=true\">Materialien<\/a>.<\/p>\n<hr \/>\n<p><img data-recalc-dims=\"1\" loading=\"lazy\" decoding=\"async\" class=\" wp-image-14 aligncenter\" src=\"https:\/\/i0.wp.com\/jenaer-osterkonferenz.de\/wp-content\/uploads\/2016\/02\/plakat.png?resize=378%2C261\" alt=\"plakat\" width=\"378\" height=\"261\" srcset=\"https:\/\/i0.wp.com\/jenaer-osterkonferenz.de\/wp-content\/uploads\/2016\/02\/plakat.png?resize=300%2C207&amp;ssl=1 300w, https:\/\/i0.wp.com\/jenaer-osterkonferenz.de\/wp-content\/uploads\/2016\/02\/plakat.png?resize=768%2C531&amp;ssl=1 768w, https:\/\/i0.wp.com\/jenaer-osterkonferenz.de\/wp-content\/uploads\/2016\/02\/plakat.png?resize=1024%2C708&amp;ssl=1 1024w, https:\/\/i0.wp.com\/jenaer-osterkonferenz.de\/wp-content\/uploads\/2016\/02\/plakat.png?resize=1200%2C830&amp;ssl=1 1200w, https:\/\/i0.wp.com\/jenaer-osterkonferenz.de\/wp-content\/uploads\/2016\/02\/plakat.png?w=1270&amp;ssl=1 1270w\" sizes=\"auto, (max-width: 378px) 85vw, 378px\" \/><\/p>\n<p><strong>Programmablauf:<\/strong><\/p>\n<p>Begr\u00fc\u00dfung <em>(10:00 Uhr)<\/em><\/p>\n<p>Vortr\u00e4ge und Diskussion:<\/p>\n<ul>\n<li><del>J\u00f6rg Wollenberg: Nationale Klassenharmonie oder internationaler Klassenkampf gegen den Krieg? &#8211; Zu den Folgen des Ersten Weltkriegs f\u00fcr die deutsche Arbeiterschaft<\/del> <em>f\u00e4llt wahrscheinlich aus<\/em><\/li>\n<li>Ottokar Luban:\u00a0Die Spartakusgruppe \u2013\u00a0ihr Anteil am Antikriegskampf 1915 \u2013 1918 und\u00a0ihre Zusammenarbeit mit der linkssozialistischen Arbeiterjugend, <a href=\"http:\/\/falken-erfurt.de\/vortrag-und-diskussion-mit-ottokar-luban-die-spartakusgruppe\/\">Ank\u00fcndigung<\/a><\/li>\n<li>Mario Hesselbarth: Die historische Osterkonferenz \u2013\u00a0Inhalte und Bedeutung<\/li>\n<\/ul>\n<p>Mittagessen<\/p>\n<p>Parallel stattfindende Foren <em>(15:00 Uhr)<\/em>:<\/p>\n<ul>\n<li>Antimilitarismus heute<\/li>\n<li>Linke (Jugend-)Opposition heute<\/li>\n<\/ul>\n<p>Kranzniederlegung in der Zw\u00e4tzengasse<\/p>\n<p>David Salomon: <a href=\"http:\/\/falken-erfurt.de\/imperialismus-heute-vortrag-und-diskussion-mit-david-salomon\/\">Die R\u00fcckkehr der zwischenimperialistischen Konkurrenz<\/a>\u00a0<em>(20:00 Uhr)<\/em><\/p>\n<hr \/>\n<p><strong>Informationen zu den Referenten:<\/strong><\/p>\n<p>Prof. Dr. J\u00f6rg Wollenberg wurde 1937 geboren und besch\u00e4ftigte sich mit der Geschichte der Arbeiterbewegung sowie mit\u00a0Nationalsozialismus und Holocaust.<\/p>\n<p>Ottokar Luban ist ehrenamtlicher Sekret\u00e4r der Internationalen Rosa-Luxemburg-Gesellschaft und schrieb mehrere B\u00fccher zur linken Arbeiterbewegung zwischen 1900 &#8211; 1920, insbesondere zur Biographie Rosa Luxemburgs.<\/p>\n<p>Mario Hesselbarth ist bei der Rosa-Luxemburg-Stiftung in Th\u00fcringen und Jena als Historiker aktiv und besch\u00e4ftigt sich mit der Arbeiterbewegung in Th\u00fcringen.\u00a0<a href=\"http:\/\/falken-erfurt.de\/wp-content\/uploads\/2015\/01\/Novemberrevolution-Mario-Hesselbarth.pdf\" target=\"_blank\">PDF: Novemberrevolution in Th\u00fcringen<\/a><\/p>\n<p>Prof. Dr. David Salomon ist Gastwissenschaftler\u00a0am Institut f\u00fcr Sozialwissenschaften\u00a0an der Universit\u00e4t Hildesheim. <a href=\"http:\/\/www.prokla.de\/wp\/wp-content\/uploads\/2015\/salomon.pdf\" target=\"_blank\">PDF:\u00a0Ultraimperialismus oder interimperialistische Konkurrenz?<\/a><\/p>\n<hr \/>\n<p><strong>Organisatorisches:<\/strong><br \/>\nWann: 26.03.2016<br \/>\nUnkostenbeitrag: 5 \u20ac<br \/>\nOrt: DJR Jena &#8211; Seidelstra\u00dfe 21<br \/>\nKontakt: info @ jenaer &#8211; osterkonferenz . de<\/p>\n<p style=\"text-align: center;\">\n","protected":false},"excerpt":{"rendered":"<p>Unsere Osterkonferenz ist \u00fcber die B\u00fchne gegangen und wir k\u00f6nnen stolz sagen: sie war ein voller Erfolg! Einige Bilder unserer Konferenz\u00a0findet ihr in unserer\u00a0Galerie, alle m\u00f6glichen Dokumente\u00a0im Zusammenhang mit der Konferenz 2016 findet ihr unter Materialien. Programmablauf: Begr\u00fc\u00dfung (10:00 Uhr) Vortr\u00e4ge und Diskussion: J\u00f6rg Wollenberg: Nationale Klassenharmonie oder internationaler Klassenkampf gegen den Krieg? &#8211; Zu &hellip; <a href=\"https:\/\/jenaer-osterkonferenz.de\/?page_id=19\" class=\"more-link\"><span class=\"screen-reader-text\">\u201eUnsere Osterkonferenz 2016\u201c <\/span>weiterlesen<\/a><\/p>\n","protected":false},"author":1,"featured_media":0,"parent":0,"menu_order":0,"comment_status":"closed","ping_status":"closed","template":"","meta":{"jetpack_post_was_ever_published":false,"footnotes":""},"class_list":["post-19","page","type-page","status-publish","hentry"],"jetpack_sharing_enabled":true,"jetpack_shortlink":"https:\/\/wp.me\/P7Hy7Y-j","_links":{"self":[{"href":"https:\/\/jenaer-osterkonferenz.de\/index.php?rest_route=\/wp\/v2\/pages\/19","targetHints":{"allow":["GET"]}}],"collection":[{"href":"https:\/\/jenaer-osterkonferenz.de\/index.php?rest_route=\/wp\/v2\/pages"}],"about":[{"href":"https:\/\/jenaer-osterkonferenz.de\/index.php?rest_route=\/wp\/v2\/types\/page"}],"author":[{"embeddable":true,"href":"https:\/\/jenaer-osterkonferenz.de\/index.php?rest_route=\/wp\/v2\/users\/1"}],"replies":[{"embeddable":true,"href":"https:\/\/jenaer-osterkonferenz.de\/index.php?rest_route=%2Fwp%2Fv2%2Fcomments&post=19"}],"version-history":[{"count":17,"href":"https:\/\/jenaer-osterkonferenz.de\/index.php?rest_route=\/wp\/v2\/pages\/19\/revisions"}],"predecessor-version":[{"id":192,"href":"https:\/\/jenaer-osterkonferenz.de\/index.php?rest_route=\/wp\/v2\/pages\/19\/revisions\/192"}],"wp:attachment":[{"href":"https:\/\/jenaer-osterkonferenz.de\/index.php?rest_route=%2Fwp%2Fv2%2Fmedia&parent=19"}],"curies":[{"name":"wp","href":"https:\/\/api.w.org\/{rel}","templated":true}]}}